{"id":1717,"date":"2020-04-21T14:33:49","date_gmt":"2020-04-21T12:33:49","guid":{"rendered":"http:\/\/www.peterandrosch.at\/?page_id=1717"},"modified":"2020-04-24T10:37:18","modified_gmt":"2020-04-24T08:37:18","slug":"akustisches-manifest-etc","status":"publish","type":"page","link":"https:\/\/www.peterandrosch.at\/en\/akustisches-manifest-etc\/","title":{"rendered":"Acoustic Manifesto etc."},"content":{"rendered":"<p><div class=\"krown-column-row clearfix wpb_row krown-column-row clearfix-fluid\">\n\t<div class=\"krown-column-container clearfix span12\" style=\"padding-top: 0px;\">\n\t\t\n\t\t\t<div id=\"justified_gallery_rt2Vpn\" class=\"sgg-style-1 \"><a class=\"sgg-lightbox-item\" href=\"https:\/\/www.peterandrosch.at\/wp-content\/uploads\/2020\/04\/090220-manifeste-acoustique.jpg\" data-size=\"1414x2000\" data-caption=\"Manifeste Acoustique\"><img decoding=\"async\" src=\"https:\/\/www.peterandrosch.at\/wp-content\/uploads\/2020\/04\/090220-manifeste-acoustique.jpg\" alt=\"Manifeste Acoustique\"\/><\/a><a class=\"sgg-lightbox-item\" href=\"https:\/\/www.peterandrosch.at\/wp-content\/uploads\/2020\/04\/the-acoustic-manifesto.jpg\" data-size=\"1414x2000\" data-caption=\"The Acoustic Manifesto\"><img decoding=\"async\" src=\"https:\/\/www.peterandrosch.at\/wp-content\/uploads\/2020\/04\/the-acoustic-manifesto.jpg\" alt=\"The Acoustic Manifesto\"\/><\/a><\/div>\r\n<div id=\"load_more_holder_rt2Vpn\" style=\"display:none\"><\/div>\r\n\t\t\t<script type=\"text\/javascript\">\r\n\t\t\t\t(function($){\r\n\t\t\t\t\t$(\"#justified_gallery_rt2Vpn\").justifiedGallery({\r\n\t\t\t\t\t\tsizeRangeSuffixes : {'lt100': '', 'lt240': '', 'lt320': '', 'lt500': '', 'lt640': '', 'lt1024': ''},rowHeight: 1200,\r\nmobileRowHeight: 200,\r\nmargins: 10,\r\nlastRow: \"nojustify\",\r\nfixedHeight: false,\r\ncaptions: true,\r\ncaptionsColor: \"#000000\",\r\ncaptionsOpacity: 0.7,\r\nrandomize: false,\r\nmaxRowHeight: 0,\r\nrel: \"rt2Vpn\",\r\ntarget: null,\r\nrefreshTime: 250,\r\ncssAnimation: true,\r\ncaptionsAnimationDuration: 500,\r\nimagesAnimationDuration: 300,\r\ncaptionsVisibleOpacity: 0.7,\r\nclass: \"\",\r\n\t\t\t\t\t})\r\n\t\t\t\t\t.on('jg.complete', function(){\r\n\t\t\t\t\t\t$(document).ready(function(){\r\n\t\t\t\t\t\t\tvar pswp_rt2Vpn = SGGinitPhotoSwipeFromDOM('#justified_gallery_rt2Vpn',{title: true,\r\nshare: true,\r\nhistory: false,\r\n uid: 'rt2Vpn' })})\t\t\t\t\t});\r\n\t\t\t\t\t\t\t\t\t\tWebFontConfig.google.families.push('Special Elite');\t\t\t\t\t\t\t\t\tvar galleries = [];\r\n\t\t\t\tvar gallery = $(\"#justified_gallery_rt2Vpn\");\r\n\t\t\t\t$(window).scroll(function() {\r\n\t\t\t\t\tif ( galleries.length >= 1  ) {\r\n\t\t\t\t\t\tvar scroll_top = $(window).scrollTop();\r\n\t\t\t\t\t\tvar scroll_bottom = scroll_top + $(window).height();\r\n\t\t\t\t\t\tvar gallery_top = $(gallery).offset().top;\r\n\t\t\t\t\t\tvar gallery_height = $(gallery).innerHeight();\r\n\t\t\t\t\t\tvar gallery_bottom = gallery_top + gallery_height;\r\n\t\t\t\t\t\tif( scroll_bottom >= gallery_bottom ) {\r\n\t\t\t\t\t\t\tvar images = galleries.splice(0,1);\r\n\t\t\t\t\t\t\tvar image_html = $(\"#load_more_holder_rt2Vpn\").html(images).text();\r\n\t\t\t\t\t\t\t$(gallery).append(image_html);\r\n\t\t\t\t\t\t\t$(gallery).justifiedGallery('norewind');\r\n\t\t\t\t\t\t}\r\n\t\t\t\t\t}\r\n\t\t\t\t});\t\t\t\t})(jQuery);\r\n\t\t\t<\/script>\r\n\t\t\t\t\t\t<style>\r\n\t            #justified_gallery_rt2Vpn .sgg-caption {\r\n\t\t\t\t\tbackground: rgb(0,0,0);\r\n\t\t\t\t\tbackground: rgba(0,0,0,0.7);\r\n\t\t\t\t\tcolor: #ffffff;\r\n\t\t\t\t\tfont-size: 0.8em;\r\n\t\t\t\t\tfont-weight: normal;\r\n\t\t\t\t\tfont-family: Special Elite;\r\n\t\t\t\t}\r\n\t\t\t\t#load_more_rt2Vpn {\r\n\t\t\t\t    background: #444444;\r\n\t\t\t\t    color: #ffffff;\r\n\t\t\t\t}\r\n\t\t\t<\/style>\r\n        \t\n\n\t<\/div> \n<\/div><div class=\"krown-column-row clearfix wpb_row krown-column-row clearfix-fluid\">\n\t<div class=\"krown-column-container clearfix span12\" style=\"padding-top: 0px;\">\n\t\t\n\t\t\t<p>With the Acoustic Manifesto, Peter Androsch published a sensational response to the Futuristic Manifesto. Exactly 100 years after its publication, namely on February 20, 2009, in the same place in &#8220;Le Figaro&#8221;, but also in &#8220;Frankfurter Allgemeine Zeitung&#8221; and in &#8220;Der Standard&#8221;. The Acoustic Manifesto is still a popular object for discussion and passionate arguments.<\/p>\n\n\t<\/div> \n<\/div><div class=\"krown-column-row clearfix wpb_row krown-column-row clearfix-fluid\">\n\t<div class=\"krown-column-container clearfix span12\" style=\"padding-top: 0px;\">\n\t\t\n\t\t\t<p>Other publications<\/p>\n<p>Grundlagen einer Inklusiven Akustik<br \/>\nPeter Androsch und Reinhard Kren<br \/>\nHauptverband der \u00f6sterreichischen Sozialversicherungen, Linz\/Wien 2018<\/p>\n<p>Die einfachste \u00dcbung<br \/>\nIn: gfk. Angst. Eine Frage der Kultur. Heft 2\/2016. Linz. 2016<\/p>\n<p>Auf dem Weg zu einer \u201eEthik der Beschallung\u201c<br \/>\nIn: Theologisch-praktische Quartalsschrift. Heft 3\/2016. Regensburg: Verlag Friedrich Pustet. 2016<\/p>\n<p>Vom Mundtot- und Taubmachen<br \/>\nIn: gfk. Mitte. Eine Frage der Kultur. Heft 1\/2016. Linz. 2016<\/p>\n<p>Phonographie Peter Androsch<br \/>\nKatalog zur Ausstellung, Hg. Museen der Stadt Regensburg. 2016<\/p>\n<p>Metadisziplin<br \/>\nIn: Betreff: Lebensstadt Linz \u2013 Vernetzte Gespr\u00e4che. Linz. 2015<\/p>\n<p>Essen ohne Schall und Rauch<br \/>\nIn: Gute Tage, gute N\u00e4chte. Betrachtungen und Empfehlungen zur Linzer Lebenskunst. Linz. 2015<\/p>\n<p>Schall \u2013 Raum \u2013 Macht. Klangr\u00e4ume des Abendlandes<br \/>\nIn: kunst und kirche. Heft 4\/2014. Wien. 2014.<\/p>\n<p>Sonotopia \u2013 The Sonorous City.<br \/>\nmit Anatol Bogendorfer<br \/>\nIn: C \u2026 what it takes to change, Ars Electronica 2014. Ostfildern. Hatje Cantz. Verlag. 2014.<\/p>\n<p>Schall als Lebensmittel.<br \/>\nAkustisches Konzept f\u00fcr die Sanierung des Parlaments in Wien.\u00a0Linz. 2014.<\/p>\n<p>Gegner, Personen, Wesen \u2013 Gedanken zum Parlament als agonistischen Raum<br \/>\nIn: Umbau 27. Plenum. Orte der Macht. Sonderausgabe Biennale Venedig 2014. Basel. 2014.<\/p>\n<p>Peter Androsch PHONOGRAPHIEN<br \/>\nMaterialien \/ materials. Salzburg, Sommer \/ summer 2014. edition kulturquartier.<\/p>\n<p>Alle mal herh\u00f6ren, Akustik ist eine Funktion des Raumes<br \/>\nIn: Neudoerfler, Arbeit neu erleben.\u00a0Neud\u00f6rfl. 2013.<\/p>\n<p>Das menschengerechte Schallwellenmeer. Von der L\u00e4rmvermeidung zur Akustischen Raumplanung;<br \/>\nmit Florian Sedmak und J\u00fcrgen Wiesner<br \/>\nIn: Informationen zur Raumentwicklung, Heft 3.2013. Bonn: Bundesinstitut f\u00fcr Bau-, Stadt- und Raumforschung. 2013.<\/p>\n<p>Die Ozeanologie des Schallwellenmeeres.<br \/>\nIn: mobilogisch 4\/13, Berlin. 2013.<\/p>\n<p>Gest\u00e4ndnis eines Alchemisten<br \/>\nIn: schreibkraft. Das Feuilletonmagazin, Heft 25, \u201esch\u00f6n bl\u00f6d\u201c. Graz: edition schreibkraft. 2013.<\/p>\n<p>Lebensmittel Schall: Akustik und Bauen f\u00fcr Kinder<br \/>\nIn: Ernst &amp; Sohn Special, Berlin: Wilhelm Ernst &amp; Sohn Verlag. 2012.<\/p>\n<p>Mit den Ohren schwimmen<br \/>\nIn: Stadt Land Fluss, REGIONALE12, Graz. 2012.<\/p>\n<p>Stadt der Zukunft \u2013 Leitfaden zu einer Akustischen Raumplanung<br \/>\nmit J\u00fcrgen Wiesner<br \/>\nStudie mit dem Bundesministerium f\u00fcr Verkehr, Innovation und Technologie. Linz. 2012.<\/p>\n<p>Wir sch\u00fctzen uns zu Tode. Schallschutz ohne Ende oder akustische Raumplanung?<br \/>\nIn: L\u00e4rmbek\u00e4mpfung. Zeitschrift f\u00fcr Akustik, Schallschutz und Schwingungstechnik. Organ der Deutschen Gesellschaft f\u00fcr Akustik (DEGA). Nr.<br \/>\n2\/11, D\u00fcsseldorf: Springer-VDI-Verlag. 2011.<\/p>\n<p>Stellungnahme zum Planungsstand des Krankenhauses Nord (KHN) aus akustischer Perspektive<br \/>\net.al.: Studie der H\u00f6rstadt f\u00fcr den Wiener Krankenanstaltenverbund. Linz. 2011.<\/p>\n<p>Die Strategie der Yrr. Unvollst\u00e4ndiger Entwurf einer akustischen Aneigung von Wilhelmsburg<br \/>\nIn: Metropole: Metrozonen 4, Hg. IBA Hamburg. Berlin. 2010.<\/p>\n<p>Vom Raum, Beitrag zum Materialsymposion \u201eVon anderen Sinnen\u201c, Typoskript.<br \/>\nHochschule f\u00fcr Gestaltung. Offenbach. 2010.<\/p>\n<p>Im Schallwellenreich<br \/>\nIn: Spuren, Schwaz. 2010.<\/p>\n<p>formuliert &#8211; Konvergenzen von Schrift und Bild \/ Lentos Maerz Stifterhaus<br \/>\nBibliothek der Provinz, 2009.<\/p>\n<p>He dared go where most men wouldn\u2019t<br \/>\nNachruf auf Keith Goddard<br \/>\nIn: The African Times, 2009.<\/p>\n<p>Wie wollen wir akustisch leben?<br \/>\nIn: Raum. \u00d6sterreichischen Zeitschrift f\u00fcr Raumplanung und Regionalpolitik Nr. 76. Wien. 2009.<\/p>\n<p>H\u00f6rstadt. Reisef\u00fchrer durch die Welt des H\u00f6rens.<br \/>\nmit Florian Sedmak, Wien: Christian Brandst\u00e4tter Verlag. 2009.<\/p>\n<p>Das Akustische Manifest.<br \/>\nIn: Frankfurter Allgemeine Zeitung vom 28.2.2009. Frankfurt\/Main, 2009.<br \/>\nIn: Der Standard vom 28.2.2009. Wien, 2009.<br \/>\nIn: Le Figaro vom 28.2.2009. Paris, 2009.<\/p>\n<p>Die Linzer Charta.<br \/>\nmit Anatol Bogendorfer, Andres Bosshard, Johann Marckhgott, Erich Pintar, Florian Sedmak: 2009. Siehe hoerstadt.at<br \/>\nBeschlu\u00df des Linzer Gemeinderates<\/p>\n<p>H\u00f6rstadt<br \/>\nIn: Das Programm. Linz 2009 Kulturhauptstadt Europas. Wien \/ New York. Springer Verlag. 2008<\/p>\n<p>Bauen ist H\u00f6ren<br \/>\nIn: Modulor Magazin 1\/2008. Urdorf: Boll Verlag. 2008.<\/p>\n<p>Bruckner ist ein Gigant<br \/>\nIn: Linz Buch. Linz 2009 Kulturhauptstadt Europas. 2007.<\/p>\n<p>Liquid Elements. In: k60, Linz. Kunstuniversit\u00e4t. 2007.<\/p>\n<p>Bellum docet omnia<br \/>\nIn: Exemplarisch. Ottensheim. Festival der Regionen. 2005.<\/p>\n<p>Die Topographie der Utopie: Erste Theorie. Peter Androsch zu seiner phonographischen Welt<br \/>\nIn: Phonographischer Rundbrief No.1, Linz. 2005<\/p>\n<p>Pl\u00e4doyer f\u00fcr den Tonfilm.<br \/>\nIn: kursiv Nr. 3\/01. Linz. 2001.<\/p>\n<p>Franz Kaiser \u2013 schreber, eine oper in acht Bildern, musik von peter ankroch<br \/>\nBibliothek der Provinz. Weitra. 2000.<\/p>\n<p>Joburg is dead.<br \/>\nIn: kursiv Nr. 4\/97. Linz. 1997.<\/p>\n<p>Basedow.<br \/>\nIn: Sterz Nr. 60\/61. Graz. 1993.<\/p>\n<p>&#8230; and innumerable publications about own works in media like yearbooks and evening programs in theaters, concert halls and other organizers, as well as the many texts as cultural journalist for the media &#8220;O\u00f6. Tagblatt&#8221;,&#8221;AZ&#8221; and &#8220;Wochenpresse&#8221; et. al.<\/p>\n\n\t<\/div> \n<\/div><\/p>","protected":false},"excerpt":{"rendered":"<p>\t            #justified_gallery_QLOroS .sgg-caption {<br \/>\n\t\t\t\t\tbackground: rgb(0,0,0);<br \/>\n\t\t\t\t\tbackground: rgba(0,0,0,0.7);<br \/>\n\t\t\t\t\tcolor: #ffffff;<br \/>\n\t\t\t\t\tfont-size: 0.8em;<br \/>\n\t\t\t\t\tfont-weight: normal;<br \/>\n\t\t\t\t\tfont-family: Special Elite;<br \/>\n\t\t\t\t}<br \/>\n\t\t\t\t#load_more_QLOroS {<br \/>\n\t\t\t\t    background: #444444;<br \/>\n\t\t\t\t    color: #ffffff;<br \/>\n\t\t\t\t}<\/p>\n<p>With the Acoustic Manifesto, Peter Androsch published a sensational response to the Futuristic Manifesto. Exactly 100 years after its publication, namely on February 20, 2009, in the same place in &#8220;Le Figaro&#8221;, but also in &#8220;Frankfurter Allgemeine Zeitung&#8221; and in &#8220;Der Standard&#8221;. The Acoustic Manifesto is still a popular object for discussion and passionate arguments.<\/p>\n<p>Other publications<\/p>\n<p>Grundlagen einer Inklusiven [&#8230;]<\/p>\n","protected":false},"author":1,"featured_media":0,"parent":0,"menu_order":0,"comment_status":"closed","ping_status":"closed","template":"","meta":{"footnotes":""},"class_list":["post-1717","page","type-page","status-publish","hentry"],"_links":{"self":[{"href":"https:\/\/www.peterandrosch.at\/en\/wp-json\/wp\/v2\/pages\/1717","targetHints":{"allow":["GET"]}}],"collection":[{"href":"https:\/\/www.peterandrosch.at\/en\/wp-json\/wp\/v2\/pages"}],"about":[{"href":"https:\/\/www.peterandrosch.at\/en\/wp-json\/wp\/v2\/types\/page"}],"author":[{"embeddable":true,"href":"https:\/\/www.peterandrosch.at\/en\/wp-json\/wp\/v2\/users\/1"}],"replies":[{"embeddable":true,"href":"https:\/\/www.peterandrosch.at\/en\/wp-json\/wp\/v2\/comments?post=1717"}],"version-history":[{"count":13,"href":"https:\/\/www.peterandrosch.at\/en\/wp-json\/wp\/v2\/pages\/1717\/revisions"}],"predecessor-version":[{"id":1790,"href":"https:\/\/www.peterandrosch.at\/en\/wp-json\/wp\/v2\/pages\/1717\/revisions\/1790"}],"wp:attachment":[{"href":"https:\/\/www.peterandrosch.at\/en\/wp-json\/wp\/v2\/media?parent=1717"}],"curies":[{"name":"wp","href":"https:\/\/api.w.org\/{rel}","templated":true}]}}