{"id":1589,"date":"2017-09-29T09:41:41","date_gmt":"2017-09-29T07:41:41","guid":{"rendered":"http:\/\/www.peterandrosch.at\/?page_id=1589"},"modified":"2017-10-02T11:01:22","modified_gmt":"2017-10-02T09:01:22","slug":"kunst-am-bau","status":"publish","type":"page","link":"https:\/\/www.peterandrosch.at\/en\/kunst-am-bau\/","title":{"rendered":"Kunst am Bau"},"content":{"rendered":"<p><div class=\"krown-column-row clearfix wpb_row krown-column-row clearfix-fluid\">\n\t<div class=\"krown-column-container clearfix span12\" style=\"\">\n\t\t\n\t\t\t<div class=\"page\" title=\"Page 5\">\n<div class=\"layoutArea\">\n<div class=\"column\">\n<div class=\"column\">\n<p><strong>Absolut individuelle Gestaltung &#8211;<\/strong>\u00a0Die von Peter Androsch entwickelten <span style=\"text-decoration: underline;\"><a href=\"http:\/\/www.peterandrosch.at\/phonographie\/\">Phonographien<\/a><\/span> eignen sich hervorragend als Kunst am Bau. Dazu werden (Hand)schriften herangezogen, die mit dem Projekt, dem Objekt, dem Ort, der Stra\u00dfe, dem Platz etc. in enger Verbindung stehen: individuell, unverwechselbar, einmalig. So wie f\u00fcr das Projekt der GWG in der Gr\u00fcnen Mitte in Linz historische Handschriften au\u00dfergew\u00f6hnlicher Linzer herangezogen wurden. Daraus ist das \u201ePanorama Linzer Schriften\u201c entstanden.<\/p>\n<p><strong>Flexible Techniken &#8211;\u00a0<\/strong>Phonographien k\u00f6nnen in unterschiedlichen Techniken realisiert werden. Dadurch k\u00f6nnen die Kosten den jeweiligen Gr\u00f6\u00dfenordnungen auch bei schwierigen Verh\u00e4ltnissen angepasst werden.<\/p>\n<p>Peter Androsch entwickelt neben den phonographischen Gestaltungen auch akustische Installationen und Objekte als Kunst am Bau.<\/p>\n<\/div>\n<p><span style=\"text-decoration: underline;\"><a href=\"http:\/\/www.peterandrosch.at\/wp-content\/uploads\/2017\/09\/2017_bruschuere_kunst_am_bau.pdf\">Brosch\u00fcre Kunst am Bau\u00a02017 [2.1 MB]<\/a><\/span><\/p>\n<div id=\"justified_gallery_QvBRVk\" class=\"sgg-style-1 \"><a class=\"sgg-lightbox-item\" href=\"https:\/\/www.peterandrosch.at\/wp-content\/uploads\/2017\/09\/kunst_am_bau_0007_1.jpg\" data-size=\"1500x1125\" data-caption=\"Fassadengestaltung\"><img decoding=\"async\" src=\"https:\/\/www.peterandrosch.at\/wp-content\/uploads\/2017\/09\/kunst_am_bau_0007_1-1024x768.jpg\" alt=\"Fassadengestaltung\"\/><\/a><a class=\"sgg-lightbox-item\" href=\"https:\/\/www.peterandrosch.at\/wp-content\/uploads\/2017\/09\/kunst_am_bau_0006_2.jpg\" data-size=\"1500x1125\" data-caption=\"Wandgestaltung\"><img decoding=\"async\" src=\"https:\/\/www.peterandrosch.at\/wp-content\/uploads\/2017\/09\/kunst_am_bau_0006_2-1024x768.jpg\" alt=\"Wandgestaltung\"\/><\/a><a class=\"sgg-lightbox-item\" href=\"https:\/\/www.peterandrosch.at\/wp-content\/uploads\/2017\/09\/kunst_am_bau_0005_3.jpg\" data-size=\"1500x1125\" data-caption=\"Glasfl\u00e4chengestaltung\"><img decoding=\"async\" src=\"https:\/\/www.peterandrosch.at\/wp-content\/uploads\/2017\/09\/kunst_am_bau_0005_3-1024x768.jpg\" alt=\"Glasfl\u00e4chengestaltung\"\/><\/a><a class=\"sgg-lightbox-item\" href=\"https:\/\/www.peterandrosch.at\/wp-content\/uploads\/2017\/09\/kunst_am_bau_0004_4.jpg\" data-size=\"1500x1125\" data-caption=\"Vorgeh\u00e4ngte Bildgestaltung mit PlaneFoto \u00a9 Andrew Phelps\"><img decoding=\"async\" src=\"https:\/\/www.peterandrosch.at\/wp-content\/uploads\/2017\/09\/kunst_am_bau_0004_4-1024x768.jpg\" alt=\"Vorgeh\u00e4ngte Bildgestaltung mit Plane<\/br>Foto \u00a9 Andrew Phelps\"\/><\/a><a class=\"sgg-lightbox-item\" href=\"https:\/\/www.peterandrosch.at\/wp-content\/uploads\/2017\/09\/kunst_am_bau_0003_5.jpg\" data-size=\"1500x1125\" data-caption=\"Bodengestaltung\"><img decoding=\"async\" src=\"https:\/\/www.peterandrosch.at\/wp-content\/uploads\/2017\/09\/kunst_am_bau_0003_5-1024x768.jpg\" alt=\"Bodengestaltung\"\/><\/a><a class=\"sgg-lightbox-item\" href=\"https:\/\/www.peterandrosch.at\/wp-content\/uploads\/2017\/09\/kunst_am_bau_0002_7.jpg\" data-size=\"1500x1125\" data-caption=\"Deckengestaltung\"><img decoding=\"async\" src=\"https:\/\/www.peterandrosch.at\/wp-content\/uploads\/2017\/09\/kunst_am_bau_0002_7-1024x768.jpg\" alt=\"Deckengestaltung\"\/><\/a><a class=\"sgg-lightbox-item\" href=\"https:\/\/www.peterandrosch.at\/wp-content\/uploads\/2017\/09\/kunst_am_bau_0001_8.jpg\" data-size=\"1500x1125\" data-caption=\"Lichtinstallation\"><img decoding=\"async\" src=\"https:\/\/www.peterandrosch.at\/wp-content\/uploads\/2017\/09\/kunst_am_bau_0001_8-1024x768.jpg\" alt=\"Lichtinstallation\"\/><\/a><a class=\"sgg-lightbox-item\" href=\"https:\/\/www.peterandrosch.at\/wp-content\/uploads\/2017\/09\/kunst_am_bau_0000_9.jpg\" data-size=\"1500x1125\" data-caption=\"Installation\"><img decoding=\"async\" src=\"https:\/\/www.peterandrosch.at\/wp-content\/uploads\/2017\/09\/kunst_am_bau_0000_9-1024x768.jpg\" alt=\"Installation\"\/><\/a><\/div>\r\n<div id=\"load_more_holder_QvBRVk\" style=\"display:none\"><\/div>\r\n\t\t\t<script type=\"text\/javascript\">\r\n\t\t\t\t(function($){\r\n\t\t\t\t\t$(\"#justified_gallery_QvBRVk\").justifiedGallery({\r\n\t\t\t\t\t\tsizeRangeSuffixes : {'lt100': '', 'lt240': '', 'lt320': '', 'lt500': '', 'lt640': '', 'lt1024': ''},rowHeight: 260,\r\nmobileRowHeight: 200,\r\nmargins: 10,\r\nlastRow: \"nojustify\",\r\nfixedHeight: false,\r\ncaptions: true,\r\ncaptionsColor: \"#000000\",\r\ncaptionsOpacity: 0.7,\r\nrandomize: false,\r\nmaxRowHeight: 0,\r\nrel: \"QvBRVk\",\r\ntarget: null,\r\nrefreshTime: 250,\r\ncssAnimation: true,\r\ncaptionsAnimationDuration: 500,\r\nimagesAnimationDuration: 300,\r\ncaptionsVisibleOpacity: 0.7,\r\nclass: \"\",\r\n\t\t\t\t\t})\r\n\t\t\t\t\t.on('jg.complete', function(){\r\n\t\t\t\t\t\t$(document).ready(function(){\r\n\t\t\t\t\t\t\tvar pswp_QvBRVk = SGGinitPhotoSwipeFromDOM('#justified_gallery_QvBRVk',{title: true,\r\nshare: true,\r\nhistory: false,\r\n uid: 'QvBRVk' })})\t\t\t\t\t});\r\n\t\t\t\t\t\t\t\t\t\tWebFontConfig.google.families.push('Special Elite');\t\t\t\t\t\t\t\t\tvar galleries = [];\r\n\t\t\t\tvar gallery = $(\"#justified_gallery_QvBRVk\");\r\n\t\t\t\t$(window).scroll(function() {\r\n\t\t\t\t\tif ( galleries.length >= 1  ) {\r\n\t\t\t\t\t\tvar scroll_top = $(window).scrollTop();\r\n\t\t\t\t\t\tvar scroll_bottom = scroll_top + $(window).height();\r\n\t\t\t\t\t\tvar gallery_top = $(gallery).offset().top;\r\n\t\t\t\t\t\tvar gallery_height = $(gallery).innerHeight();\r\n\t\t\t\t\t\tvar gallery_bottom = gallery_top + gallery_height;\r\n\t\t\t\t\t\tif( scroll_bottom >= gallery_bottom ) {\r\n\t\t\t\t\t\t\tvar images = galleries.splice(0,1);\r\n\t\t\t\t\t\t\tvar image_html = $(\"#load_more_holder_QvBRVk\").html(images).text();\r\n\t\t\t\t\t\t\t$(gallery).append(image_html);\r\n\t\t\t\t\t\t\t$(gallery).justifiedGallery('norewind');\r\n\t\t\t\t\t\t}\r\n\t\t\t\t\t}\r\n\t\t\t\t});\t\t\t\t})(jQuery);\r\n\t\t\t<\/script>\r\n\t\t\t\t\t\t<style>\r\n\t            #justified_gallery_QvBRVk .sgg-caption {\r\n\t\t\t\t\tbackground: rgb(0,0,0);\r\n\t\t\t\t\tbackground: rgba(0,0,0,0.7);\r\n\t\t\t\t\tcolor: #ffffff;\r\n\t\t\t\t\tfont-size: 0.9em;\r\n\t\t\t\t\tfont-weight: normal;\r\n\t\t\t\t\tfont-family: Special Elite;\r\n\t\t\t\t}\r\n\t\t\t\t#load_more_QvBRVk {\r\n\t\t\t\t    background: #444444;\r\n\t\t\t\t    color: #ffffff;\r\n\t\t\t\t}\r\n\t\t\t<\/style>\r\n        \t<\/div>\n<\/div>\n<\/div>\n\n\t<\/div> \n<\/div><\/p>","protected":false},"excerpt":{"rendered":"<p><p><strong>Absolut individuelle Gestaltung &#8211;<\/strong>\u00a0Die von Peter Androsch entwickelten Phonographien eignen sich hervorragend als Kunst am Bau. Dazu werden (Hand)schriften herangezogen, die mit dem Projekt, dem Objekt, dem Ort, der Stra\u00dfe, dem Platz etc. in enger Verbindung stehen: individuell, unverwechselbar, einmalig. So wie f\u00fcr das Projekt der GWG in der Gr\u00fcnen Mitte in Linz historische Handschriften au\u00dfergew\u00f6hnlicher Linzer herangezogen wurden. Daraus ist das \u201ePanorama Linzer Schriften\u201c entstanden.<\/p>\n<p><strong>Flexible Techniken &#8211;\u00a0<\/strong>Phonographien k\u00f6nnen in unterschiedlichen Techniken realisiert werden. Dadurch k\u00f6nnen die Kosten den jeweiligen Gr\u00f6\u00dfenordnungen auch bei schwierigen Verh\u00e4ltnissen angepasst werden.<\/p>\n<p>Peter Androsch entwickelt neben den phonographischen Gestaltungen auch akustische Installationen und Objekte als Kunst [&#8230;]<\/p>\n","protected":false},"author":1,"featured_media":0,"parent":0,"menu_order":0,"comment_status":"closed","ping_status":"closed","template":"","meta":{"footnotes":""},"class_list":["post-1589","page","type-page","status-publish","hentry"],"_links":{"self":[{"href":"https:\/\/www.peterandrosch.at\/en\/wp-json\/wp\/v2\/pages\/1589","targetHints":{"allow":["GET"]}}],"collection":[{"href":"https:\/\/www.peterandrosch.at\/en\/wp-json\/wp\/v2\/pages"}],"about":[{"href":"https:\/\/www.peterandrosch.at\/en\/wp-json\/wp\/v2\/types\/page"}],"author":[{"embeddable":true,"href":"https:\/\/www.peterandrosch.at\/en\/wp-json\/wp\/v2\/users\/1"}],"replies":[{"embeddable":true,"href":"https:\/\/www.peterandrosch.at\/en\/wp-json\/wp\/v2\/comments?post=1589"}],"version-history":[{"count":14,"href":"https:\/\/www.peterandrosch.at\/en\/wp-json\/wp\/v2\/pages\/1589\/revisions"}],"predecessor-version":[{"id":1612,"href":"https:\/\/www.peterandrosch.at\/en\/wp-json\/wp\/v2\/pages\/1589\/revisions\/1612"}],"wp:attachment":[{"href":"https:\/\/www.peterandrosch.at\/en\/wp-json\/wp\/v2\/media?parent=1589"}],"curies":[{"name":"wp","href":"https:\/\/api.w.org\/{rel}","templated":true}]}}