{"id":1557,"date":"2017-04-06T15:21:31","date_gmt":"2017-04-06T13:21:31","guid":{"rendered":"http:\/\/www.peterandrosch.at\/?page_id=1557"},"modified":"2025-03-06T22:06:41","modified_gmt":"2025-03-06T21:06:41","slug":"videos","status":"publish","type":"page","link":"https:\/\/www.peterandrosch.at\/en\/videos\/","title":{"rendered":"Videos"},"content":{"rendered":"<div id=\"justified_gallery_duYlaO\" class=\"sgg-style-1 \"><a class=\"sgg-lightbox-item mfp-iframe\" data-type=\"video\" href=\"https:\/\/www.peterandrosch.at\/wp-content\/uploads\/2015\/11\/fadis-retirement.mp4\" data-caption=\"Wolfgang \u201cFadi\u201d Dorninger is a long-standing colleague and friend of Peter Androsch (e.g. with the band \u201cMonochrome Bleu\u201d). At the beginning of 2025, a party was held at the Linz University of Art in the KAPU club to mark his retirement. Peter Androsch gave him short guitar improvisations.\"><img decoding=\"async\" src=\"https:\/\/www.peterandrosch.at\/wp-content\/uploads\/2015\/11\/fadis-retirement-1024x552.jpg\" alt=\"Wolfgang \u201cFadi\u201d Dorninger is a long-standing colleague and friend of Peter Androsch (e.g. with the band \u201cMonochrome Bleu\u201d). At the beginning of 2025, a party was held at the Linz University of Art in the KAPU club to mark his retirement. Peter Androsch gave him short guitar improvisations.\"\/><\/a><a class=\"sgg-lightbox-item mfp-iframe\" data-type=\"video\" href=\"https:\/\/www.peterandrosch.at\/wp-content\/uploads\/2015\/11\/2024-10-31-deadmanwalk.mp4\" data-caption=\"On Halloween, October 31, 2024, at 8:24 p.m., Anton Bruckner will return to earth as a living dead, and in multiples at that. Peter Androsch will walk around the parish church with many Bruckner aficionados, all wearing Bruckner death masks made of cardboard. At the front were Tina Geroldinger, Anita Zach and Hans-Georg Reiter on trumpets. Androsch wrote an arrangement of the famous opening motif from Bruckner's Fourth. Many of Androsch's devotional objects for Bruckner can still be found at remember-bruckner.com.\"><img decoding=\"async\" src=\"https:\/\/www.peterandrosch.at\/wp-content\/uploads\/2015\/11\/2024-10-31-deadmanwalk-1024x572.jpg\" alt=\"On Halloween, October 31, 2024, at 8:24 p.m., Anton Bruckner will return to earth as a living dead, and in multiples at that. Peter Androsch will walk around the parish church with many Bruckner aficionados, all wearing Bruckner death masks made of cardboard. At the front were Tina Geroldinger, Anita Zach and Hans-Georg Reiter on trumpets. Androsch wrote an arrangement of the famous opening motif from Bruckner's Fourth. Many of Androsch's devotional objects for Bruckner can still be found at remember-bruckner.com.\"\/><\/a><a class=\"sgg-lightbox-item mfp-iframe\" data-type=\"video\" href=\"https:\/\/vimeo.com\/889038917?share=copy\" data-caption=\"The Wet Coat\"><img decoding=\"async\" src=\"https:\/\/www.peterandrosch.at\/wp-content\/uploads\/2015\/11\/The-Wet-Coat-1024x576.png\" alt=\"The Wet Coat\"\/><\/a><a class=\"sgg-lightbox-item mfp-iframe\" data-type=\"video\" href=\"https:\/\/vimeo.com\/872876947?share=copy\" data-caption=\"Klimazone - a film about the mechanical theatre of the same name by Peter Androsch and Natalie Pichler\"><img decoding=\"async\" src=\"https:\/\/www.peterandrosch.at\/wp-content\/uploads\/2023\/10\/KLIMAZONE-1024x576.jpg\" alt=\"Klimazone - a film about the mechanical theatre of the same name by Peter Androsch and Natalie Pichler\"\/><\/a><a class=\"sgg-lightbox-item mfp-iframe\" data-type=\"video\" href=\"https:\/\/www.youtube.com\/watch?v=Tl-7R7M3_cM\" data-caption=\"Peter Androsch  REVERB f\u00fcr Klarinette in B  f\u00fcr Wolfgang Graef, 2017   Jihoon YU playing at  Music Con \/ june 6, 2022  Korea\"><img decoding=\"async\" src=\"https:\/\/www.peterandrosch.at\/wp-content\/uploads\/2015\/11\/reverb.png\" alt=\"Peter Androsch  REVERB f\u00fcr Klarinette in B  f\u00fcr Wolfgang Graef, 2017   Jihoon YU playing at  Music Con \/ june 6, 2022  Korea\"\/><\/a><a class=\"sgg-lightbox-item mfp-iframe\" data-type=\"video\" href=\"https:\/\/youtu.be\/fpxpZycvB0k\" data-caption=\"Frost\"><img decoding=\"async\" src=\"https:\/\/www.peterandrosch.at\/wp-content\/uploads\/2017\/04\/frost-video-thumbnail.jpg\" alt=\"Frost\"\/><\/a><a class=\"sgg-lightbox-item mfp-iframe\" data-type=\"video\" href=\"https:\/\/youtu.be\/ULf5n-iEtAk\" data-caption=\"Himmel II\"><img decoding=\"async\" src=\"https:\/\/www.peterandrosch.at\/wp-content\/uploads\/2017\/04\/himmel-II-video-thumbnail.jpg\" alt=\"Himmel II\"\/><\/a><a class=\"sgg-lightbox-item mfp-iframe\" data-type=\"video\" href=\"https:\/\/youtu.be\/4RaqdnQd_CQ\" data-caption=\"In Rockland\"><img decoding=\"async\" src=\"https:\/\/www.peterandrosch.at\/wp-content\/uploads\/2017\/04\/inrockland-video-thumbnail.jpg\" alt=\"In Rockland\"\/><\/a><a class=\"sgg-lightbox-item mfp-iframe\" data-type=\"video\" href=\"https:\/\/youtu.be\/a29tWyIGx24\" data-caption=\"Intermezzo II\"><img decoding=\"async\" src=\"https:\/\/www.peterandrosch.at\/wp-content\/uploads\/2017\/04\/intermezzo-II-video-thumbnail.jpg\" alt=\"Intermezzo II\"\/><\/a><a class=\"sgg-lightbox-item mfp-iframe\" data-type=\"video\" href=\"https:\/\/youtu.be\/SscXhvD38-U\" data-caption=\"Fensterausstellung\"><img decoding=\"async\" src=\"https:\/\/www.peterandrosch.at\/wp-content\/uploads\/2017\/04\/Bildschirmfoto-2018-02-06-um-10.41.20-1024x574.png\" alt=\"Fensterausstellung\"\/><\/a><a class=\"sgg-lightbox-item mfp-iframe\" data-type=\"video\" href=\"https:\/\/youtu.be\/xEaAa-YRfWA\" data-caption=\"\u201eUnd er versteht es, mit genial anmutenden kompositorischen Handgriffen einen f\u00fcnfviertelst\u00fcndigen Ausdrucksvulkan in den Raum zu schleudern, an dessen Hitze die Zuh\u00f6rerschaft zu verbrennen droht\u201c, schreibt Balduin Sulzer in der Kronenzeitung zu Peter Androschs \u201ePassion\u201c am 22. M\u00e4rz 2017. Weitere hymnische Kritiken begleiteten die Urauff\u00fchrung.\"><img decoding=\"async\" src=\"https:\/\/www.peterandrosch.at\/wp-content\/uploads\/2017\/04\/Bildschirmfoto-2017-04-22-um-11.59.59-1024x571.png\" alt=\"\u201eUnd er versteht es, mit genial anmutenden kompositorischen Handgriffen einen f\u00fcnfviertelst\u00fcndigen Ausdrucksvulkan in den Raum zu schleudern, an dessen Hitze die Zuh\u00f6rerschaft zu verbrennen droht\u201c, schreibt Balduin Sulzer in der Kronenzeitung zu Peter Androschs \u201ePassion\u201c am 22. M\u00e4rz 2017. Weitere hymnische Kritiken begleiteten die Urauff\u00fchrung.\"\/><\/a><a class=\"sgg-lightbox-item mfp-iframe\" data-type=\"video\" href=\"https:\/\/youtu.be\/Az8ypxSJL5Q\" data-caption=\"Mariko Onishi spielt Peter Androschs \u201eTrattato Secondo\u201c im Festival \u201eLandg\u00e4nge\u201c, das Bernd Preinfalk und Peter Androsch seit 2013 im sp\u00e4ten Fr\u00fchling in St. Peter bei Freistadt im M\u00fchlviertel veranstalten. Das St\u00fcck bezieht sich auf \u201eRebonds A et B, f\u00fcr Schlagzeug solo\u201c von Iannis Xenakis, das in Androschs Werk immer wieder Anregung f\u00fcr neue St\u00fccke ist. (2016)\nVideo: audiobomber \/ Alex J\u00f6chtl\"><img decoding=\"async\" src=\"https:\/\/www.peterandrosch.at\/wp-content\/uploads\/2016\/02\/Bildschirmfoto-2017-04-02-um-21.33.14-1024x543.png\" alt=\"Mariko Onishi spielt Peter Androschs \u201eTrattato Secondo\u201c im Festival \u201eLandg\u00e4nge\u201c, das Bernd Preinfalk und Peter Androsch seit 2013 im sp\u00e4ten Fr\u00fchling in St. Peter bei Freistadt im M\u00fchlviertel veranstalten. Das St\u00fcck bezieht sich auf \u201eRebonds A et B, f\u00fcr Schlagzeug solo\u201c von Iannis Xenakis, das in Androschs Werk immer wieder Anregung f\u00fcr neue St\u00fccke ist. (2016)\n<\/br>Video: audiobomber \/ Alex J\u00f6chtl\"\/><\/a><a class=\"sgg-lightbox-item mfp-iframe\" data-type=\"video\" href=\"https:\/\/youtu.be\/5R3uyV0Z_bA\" data-caption=\"Polyphon \u2013 Ein Projekt f\u00fcr die H\u00f6rstadt Linz 09 nennt Valerie Rosenburg den Film \u00fcber diesen Wurf von Peter Androsch. Michael Wieser, Thomas Gangl und Gerold Zeidler realisierten dieses akustische Wunderger\u00e4t (2009)Film: Valerie Rosenburg\"><img decoding=\"async\" src=\"https:\/\/www.peterandrosch.at\/wp-content\/uploads\/2016\/02\/Bildschirmfoto-2016-06-27-um-22.18.05-1024x570.png\" alt=\"Polyphon \u2013 Ein Projekt f\u00fcr die H\u00f6rstadt Linz 09 nennt Valerie Rosenburg den Film \u00fcber diesen Wurf von Peter Androsch. Michael Wieser, Thomas Gangl und Gerold Zeidler realisierten dieses akustische Wunderger\u00e4t (2009)<\/br>Film: Valerie Rosenburg\"\/><\/a><a class=\"sgg-lightbox-item mfp-iframe\" data-type=\"video\" href=\"https:\/\/youtu.be\/x8ufK80TaAQ\" data-caption=\"Ein filmisches Kurzportrait von Peter Androsch aus dem Projekt \u201eMusikstadt Linz\u201c (2015)Video: Harald Chr. Enzenhofer (Produktion) \/ Stadt Linz, Lukas Kronsteiner, Antonin Pevny (Kamera)\"><img decoding=\"async\" src=\"https:\/\/www.peterandrosch.at\/wp-content\/uploads\/2016\/02\/Bildschirmfoto-2016-06-27-um-22.19.27.png\" alt=\"Ein filmisches Kurzportrait von Peter Androsch aus dem Projekt \u201eMusikstadt Linz\u201c (2015)<\/br>Video: Harald Chr. Enzenhofer (Produktion) \/ Stadt Linz, Lukas Kronsteiner, Antonin Pevny (Kamera)\"\/><\/a><a class=\"sgg-lightbox-item mfp-iframe\" data-type=\"video\" href=\"https:\/\/youtu.be\/FPMyxyoKPmA\" data-caption=\"Ein Bilderbogen aus der Ausstellung \u201ePhonographien \u2013 Omaggio Musicale a Richard Wagner\u201c (2015)Video: Florian Schwarz\"><img decoding=\"async\" src=\"https:\/\/www.peterandrosch.at\/wp-content\/uploads\/2016\/02\/Bildschirmfoto-2016-06-27-um-22.20.12-1024x633.png\" alt=\"Ein Bilderbogen aus der Ausstellung \u201ePhonographien \u2013 Omaggio Musicale a Richard Wagner\u201c (2015)<\/br>Video: Florian Schwarz\"\/><\/a><a class=\"sgg-lightbox-item mfp-iframe\" data-type=\"video\" href=\"https:\/\/vimeo.com\/18396908\" data-caption=\"Monochrome Bleu USA Tour 1989 filmed by Wolfgang Dorninger & Susanne Jirkuff, edited by Wolfgang Dorninger in 1989. Its a film about friends, people and bands we've met on a 6 weeks tour through the USA.\"><img decoding=\"async\" src=\"https:\/\/www.peterandrosch.at\/wp-content\/uploads\/2015\/11\/monochrome-bleu-usa-tour-1989.jpg\" alt=\"Monochrome Bleu USA Tour 1989 filmed by Wolfgang Dorninger & Susanne Jirkuff, edited by Wolfgang Dorninger in 1989. Its a film about friends, people and bands we've met on a 6 weeks tour through the USA.\"\/><\/a><\/div>\r\n<div id=\"load_more_holder_duYlaO\" style=\"display:none\"><\/div>\r\n\t\t\t<script type=\"text\/javascript\">\r\n\t\t\t\t(function($){\r\n\t\t\t\t\t$(\"#justified_gallery_duYlaO\").justifiedGallery({\r\n\t\t\t\t\t\tsizeRangeSuffixes : {'lt100': '', 'lt240': '', 'lt320': '', 'lt500': '', 'lt640': '', 'lt1024': ''},rowHeight: 260,\r\nmobileRowHeight: 200,\r\nmargins: 10,\r\nlastRow: \"nojustify\",\r\nfixedHeight: false,\r\ncaptions: true,\r\ncaptionsColor: \"#000000\",\r\ncaptionsOpacity: 0.7,\r\nrandomize: false,\r\nmaxRowHeight: 0,\r\nrel: \"duYlaO\",\r\ntarget: null,\r\nrefreshTime: 250,\r\ncssAnimation: true,\r\ncaptionsAnimationDuration: 500,\r\nimagesAnimationDuration: 300,\r\ncaptionsVisibleOpacity: 0.7,\r\nclass: \"\",\r\n\t\t\t\t\t})\r\n\t\t\t\t\t.on('jg.complete', function(){\r\n\t\t\t\t\t\t$(document).ready(function(){\r\n\t\t\t\t\t\t\tvar pswp_duYlaO = SGGinitPhotoSwipeFromDOM('#justified_gallery_duYlaO',{title: true,\r\nshare: true,\r\nhistory: false,\r\n uid: 'duYlaO' })})\t\t\t\t\t});\r\n\t\t\t\t\t\t\t\t\t\tWebFontConfig = {\r\n\tgoogle: { families: [] }\r\n};\r\n(function() {\r\n\tvar wf = document.createElement('script');\r\n\twf.src = ('https:' == document.location.protocol ? 'https' : 'http') +\r\n\t\t':\/\/ajax.googleapis.com\/ajax\/libs\/webfont\/1\/webfont.js';\r\n\twf.type = 'text\/javascript';\r\n\twf.async = 'true';\r\n\tvar s = document.getElementsByTagName('script')[0];\r\n\ts.parentNode.insertBefore(wf, s);\r\n})();WebFontConfig.google.families.push('Special Elite');\t\t\t\t\t\t\t\t\tvar galleries = [];\r\n\t\t\t\tvar gallery = $(\"#justified_gallery_duYlaO\");\r\n\t\t\t\t$(window).scroll(function() {\r\n\t\t\t\t\tif ( galleries.length >= 1  ) {\r\n\t\t\t\t\t\tvar scroll_top = $(window).scrollTop();\r\n\t\t\t\t\t\tvar scroll_bottom = scroll_top + $(window).height();\r\n\t\t\t\t\t\tvar gallery_top = $(gallery).offset().top;\r\n\t\t\t\t\t\tvar gallery_height = $(gallery).innerHeight();\r\n\t\t\t\t\t\tvar gallery_bottom = gallery_top + gallery_height;\r\n\t\t\t\t\t\tif( scroll_bottom >= gallery_bottom ) {\r\n\t\t\t\t\t\t\tvar images = galleries.splice(0,1);\r\n\t\t\t\t\t\t\tvar image_html = $(\"#load_more_holder_duYlaO\").html(images).text();\r\n\t\t\t\t\t\t\t$(gallery).append(image_html);\r\n\t\t\t\t\t\t\t$(gallery).justifiedGallery('norewind');\r\n\t\t\t\t\t\t}\r\n\t\t\t\t\t}\r\n\t\t\t\t});\t\t\t\t})(jQuery);\r\n\t\t\t<\/script>\r\n\t\t\t\t\t\t<style>\r\n\t            #justified_gallery_duYlaO .sgg-caption {\r\n\t\t\t\t\tbackground: rgb(0,0,0);\r\n\t\t\t\t\tbackground: rgba(0,0,0,0.7);\r\n\t\t\t\t\tcolor: #ffffff;\r\n\t\t\t\t\tfont-size: 0.8em;\r\n\t\t\t\t\tfont-weight: normal;\r\n\t\t\t\t\tfont-family: Special Elite;\r\n\t\t\t\t}\r\n\t\t\t\t#load_more_duYlaO {\r\n\t\t\t\t    background: #444444;\r\n\t\t\t\t    color: #ffffff;\r\n\t\t\t\t}\r\n\t\t\t<\/style>\r\n        \t\n","protected":false},"excerpt":{"rendered":"<p>\t            #justified_gallery_D2ISYv .sgg-caption {<br \/>\n\t\t\t\t\tbackground: rgb(0,0,0);<br \/>\n\t\t\t\t\tbackground: rgba(0,0,0,0.7);<br \/>\n\t\t\t\t\tcolor: #ffffff;<br \/>\n\t\t\t\t\tfont-size: 0.8em;<br \/>\n\t\t\t\t\tfont-weight: normal;<br \/>\n\t\t\t\t\tfont-family: Special Elite;<br \/>\n\t\t\t\t}<br \/>\n\t\t\t\t#load_more_D2ISYv {<br \/>\n\t\t\t\t    background: #444444;<br \/>\n\t\t\t\t    color: #ffffff;<br \/>\n\t\t\t\t}<\/p>\n","protected":false},"author":1,"featured_media":0,"parent":0,"menu_order":0,"comment_status":"closed","ping_status":"closed","template":"","meta":{"footnotes":""},"class_list":["post-1557","page","type-page","status-publish","hentry"],"_links":{"self":[{"href":"https:\/\/www.peterandrosch.at\/en\/wp-json\/wp\/v2\/pages\/1557","targetHints":{"allow":["GET"]}}],"collection":[{"href":"https:\/\/www.peterandrosch.at\/en\/wp-json\/wp\/v2\/pages"}],"about":[{"href":"https:\/\/www.peterandrosch.at\/en\/wp-json\/wp\/v2\/types\/page"}],"author":[{"embeddable":true,"href":"https:\/\/www.peterandrosch.at\/en\/wp-json\/wp\/v2\/users\/1"}],"replies":[{"embeddable":true,"href":"https:\/\/www.peterandrosch.at\/en\/wp-json\/wp\/v2\/comments?post=1557"}],"version-history":[{"count":38,"href":"https:\/\/www.peterandrosch.at\/en\/wp-json\/wp\/v2\/pages\/1557\/revisions"}],"predecessor-version":[{"id":2248,"href":"https:\/\/www.peterandrosch.at\/en\/wp-json\/wp\/v2\/pages\/1557\/revisions\/2248"}],"wp:attachment":[{"href":"https:\/\/www.peterandrosch.at\/en\/wp-json\/wp\/v2\/media?parent=1557"}],"curies":[{"name":"wp","href":"https:\/\/api.w.org\/{rel}","templated":true}]}}